{"id":634,"date":"2024-01-14T15:28:28","date_gmt":"2024-01-14T14:28:28","guid":{"rendered":"https:\/\/tiphaniejars-psychologue.com\/?page_id=634"},"modified":"2026-05-13T01:43:45","modified_gmt":"2026-05-12T23:43:45","slug":"presentation","status":"publish","type":"page","link":"https:\/\/tiphaniejars-psychologue.com\/","title":{"rendered":"Pr\u00e9sentation"},"content":{"rendered":"\t\t<div data-elementor-type=\"wp-page\" data-elementor-id=\"634\" class=\"elementor elementor-634\">\n\t\t\t\t<div class=\"elementor-element elementor-element-3826aebd e-flex e-con-boxed e-con e-parent\" data-id=\"3826aebd\" data-element_type=\"container\">\n\t\t\t\t\t<div class=\"e-con-inner\">\n\t\t\t\t<div class=\"elementor-element elementor-element-5f1cdc36 elementor-widget elementor-widget-text-editor\" data-id=\"5f1cdc36\" data-element_type=\"widget\" data-widget_type=\"text-editor.default\">\n\t\t\t\t\t\t\t\t\t<div class=\"wp-block-group\">\n<p><\/p>\n<h2 class=\"wp-block-heading has-text-align-center\">Psychologue clinicienne, <br \/>sp\u00e9cialis\u00e9e en neuropsychologie, <br \/>je vous propose un accompagnement bas\u00e9 sur une approche int\u00e9grative.<\/h2>\n<p><\/p>\n<hr class=\"wp-block-separator has-alpha-channel-opacity\" \/>\n<p><\/p>\n<div class=\"wp-block-spacer\" style=\"height: 47px;\" aria-hidden=\"true\">\u00a0<\/div>\n<p><figure style=\"aspect-ratio:16\/9;\" class=\"wp-block-post-featured-image\"><img fetchpriority=\"high\" decoding=\"async\" width=\"1280\" height=\"1024\" src=\"https:\/\/tiphaniejars-psychologue.com\/wp-content\/uploads\/2025\/04\/nature-5453111_1280-1.jpg\" class=\"attachment-post-thumbnail size-post-thumbnail wp-post-image\" alt=\"\" style=\"width:100%;height:100%;object-fit:cover;\" srcset=\"https:\/\/tiphaniejars-psychologue.com\/wp-content\/uploads\/2025\/04\/nature-5453111_1280-1.jpg 1280w, https:\/\/tiphaniejars-psychologue.com\/wp-content\/uploads\/2025\/04\/nature-5453111_1280-1-300x240.jpg 300w, https:\/\/tiphaniejars-psychologue.com\/wp-content\/uploads\/2025\/04\/nature-5453111_1280-1-1024x819.jpg 1024w, https:\/\/tiphaniejars-psychologue.com\/wp-content\/uploads\/2025\/04\/nature-5453111_1280-1-768x614.jpg 768w\" sizes=\"(max-width: 1280px) 100vw, 1280px\" \/><\/figure><\/p>\n<div class=\"wp-block-spacer\" style=\"height: 56px;\" aria-hidden=\"true\">\u00a0<\/div>\n<p><\/p>\n<h3 class=\"wp-block-heading has-medium-font-size\" style=\"text-decoration: underline;\"><strong>Mon parcours<\/strong><\/h3>\n<p><\/p>\n<p class=\"has-medium-font-size\">J\u2019ai d\u00e9but\u00e9 mon parcours professionnel en obtenant le titre d\u2019assistante de vie aux familles (ADVF), qui m\u2019a permis d\u2019accompagner au quotidien des personnes \u00e0 leur domicile. Cette exp\u00e9rience m\u2019a sensibilis\u00e9e \u00e0 l\u2019importance du lien, de la pr\u00e9sence et du respect des besoins de chacun.<\/p>\n<p><\/p>\n<p class=\"has-medium-font-size\">Par la suite, j&rsquo;ai obtenu le dipl\u00f4me d&rsquo;\u00e9tat d&rsquo;accompagnant \u00e9ducatif et social (AES). J\u2019ai ainsi eu l\u2019opportunit\u00e9 d\u2019intervenir au sein d\u2019institutions sp\u00e9cialis\u00e9es aupr\u00e8s de publics vari\u00e9s : personnes en situation de handicap physique, psychique, ou confront\u00e9es \u00e0 des invalidit\u00e9s. Ces exp\u00e9riences ont renforc\u00e9 ma conviction de l\u2019importance d\u2019un accompagnement individualis\u00e9, centr\u00e9 sur les besoins sp\u00e9cifiques de chacun et chacune et de d\u00e9velopper des comp\u00e9tences d&rsquo;accompagnement.<\/p>\n<p><\/p>\n<p class=\"has-medium-font-size\">En parall\u00e8le de ma formation ,j\u2019ai entrepris une reprise d\u2019\u00e9tudes en validant une \u00e9quivalence bac (DAEU) via le cours national d&rsquo;enseignement \u00e0 distance (CNED). Cela m&rsquo;a alors ouvert les portes des \u00e9tudes sup\u00e9rieures.<br \/>Avec cet acc\u00e8s \u00e0 la FAC et avec le d\u00e9sir mieux comprendre le fonctionnement humain, j&rsquo;ai commenc\u00e9 des \u00e9tudes de psychologie, me sp\u00e9cialisant ensuite en neuropsychologie.<\/p>\n<p><\/p>\n<p class=\"has-medium-font-size\">Aujourd\u2019hui, je suis psychologue dipl\u00f4m\u00e9e et j\u2019exerce en lib\u00e9ral. Je propose des <a title=\"\" href=\"https:\/\/tiphaniejars-psychologue.com\/index.php\/consultations\/p\/\">accompagnements psychoth\u00e9rapeutiques <\/a>adapt\u00e9s \u00e0 vos besoins, en t\u00e9l\u00e9consultation (visio), des <a title=\"\" href=\"https:\/\/tiphaniejars-psychologue.com\/index.php\/consultations\/walk-talk\/\">th\u00e9rapies m\u00e9di\u00e9es par la marche (walk &amp; talk<\/a>), de la <a title=\"\" href=\"https:\/\/tiphaniejars-psychologue.com\/index.php\/consultations\/la-remediation-cognitive\/\">rem\u00e9diation cognitive<\/a> et la r\u00e9alisation de bilan neuropsychologique.<\/p>\n<p><\/p>\n<p class=\"has-medium-font-size\">Mon objectif est de vous aider \u00e0 acqu\u00e9rir une meilleure connaissance de vous-m\u00eame, \u00e0 d\u00e9velopper votre pouvoir d&rsquo;agir (empowerment), et \u00e0 encourager l&rsquo;application de comportements align\u00e9s avec vos valeurs et vos besoins. Ainsi, rien n&rsquo;est d\u00e9fini par avance mais tout est en construction selon qui vous \u00eates, vos difficult\u00e9s et votre chemin de vie. Ensemble, nous travaillerons \u00e0 cr\u00e9er un espace s\u00e9cure o\u00f9 vous pourrez explorer vos pens\u00e9es, vos \u00e9motions et vos comportements, afin de trouver les solutions qui seront les v\u00f4tres.<\/p>\n<p><\/p>\n<div class=\"wp-block-spacer\" style=\"height: 69px;\" aria-hidden=\"true\">\u00a0<\/div>\n<p><\/p>\n<div class=\"wp-block-columns is-layout-flex wp-container-core-columns-is-layout-9d6595d7 wp-block-columns-is-layout-flex\">\n<p><\/p>\n<div class=\"wp-block-column is-layout-flow wp-block-column-is-layout-flow\">\n<p><\/p>\n<p><\/p>\n<h3 class=\"wp-block-heading\"><span style=\"text-decoration: underline;\"><strong><span style=\"text-decoration: underline;\"><strong>Formations<\/strong><\/span><\/strong><\/span><\/h3>\n<p><\/p>\n<p class=\"has-medium-font-size\">2024-2026\u00a0<strong>Enseignement de la Psychopathologie et des TCC<\/strong> -IRCCADE<br \/>2021-2023 <strong>Master de psychologie<\/strong> &#8211; Universit\u00e9 Picardie Jules Verne<br \/>2018-2021<strong> Licence de psychologie<\/strong> -Universit\u00e9 Savoie Mont Blanc<br \/>2017-2018: <strong>DAEU <\/strong>(dipl\u00f4me d&rsquo;acc\u00e8s aux \u00e9tudes universitaire) via le CNED (cours national d&rsquo;enseignement \u00e0 distance)<br \/>2017-2018: <strong>AES <\/strong>(accompagnante educative et social)<br \/>2015-2016: <strong>ADVF <\/strong>(assistante de vie aux familles)<\/p>\n<p><\/p>\n<\/div>\n<p><\/p>\n<div class=\"wp-block-column is-layout-flow wp-block-column-is-layout-flow\">\n<p><\/p>\n<figure class=\"wp-block-image size-large is-resized\"><img decoding=\"async\" width=\"1024\" height=\"768\" class=\"wp-image-1572\" style=\"width: 457px; height: auto;\" src=\"https:\/\/tiphaniejars-psychologue.com\/wp-content\/uploads\/2025\/04\/IMG-20231006-WA0003-2-1024x768.jpg\" alt=\"\" srcset=\"https:\/\/tiphaniejars-psychologue.com\/wp-content\/uploads\/2025\/04\/IMG-20231006-WA0003-2-1024x768.jpg 1024w, https:\/\/tiphaniejars-psychologue.com\/wp-content\/uploads\/2025\/04\/IMG-20231006-WA0003-2-300x225.jpg 300w, https:\/\/tiphaniejars-psychologue.com\/wp-content\/uploads\/2025\/04\/IMG-20231006-WA0003-2-768x576.jpg 768w, https:\/\/tiphaniejars-psychologue.com\/wp-content\/uploads\/2025\/04\/IMG-20231006-WA0003-2-1536x1152.jpg 1536w, https:\/\/tiphaniejars-psychologue.com\/wp-content\/uploads\/2025\/04\/IMG-20231006-WA0003-2.jpg 1600w\" sizes=\"(max-width: 1024px) 100vw, 1024px\" \/><\/figure>\n<p><\/p>\n<\/div>\n<p><\/p>\n<\/div>\n<p><\/p>\n<div class=\"wp-block-spacer\" style=\"height: 69px;\" aria-hidden=\"true\">\u00a0<\/div>\n<p><\/p>\n<\/div>\n<p><!-- \/wp:group --><!-- wp:spacer --><\/p>\n<div class=\"wp-block-spacer\" style=\"height: 100px;\" aria-hidden=\"true\">\u00a0<\/div>\n<p><!-- \/wp:spacer --><!-- wp:columns --><\/p>\n<div class=\"wp-block-columns\">\n<p><!-- wp:column --><\/p>\n<div class=\"wp-block-column\">\u00a0<\/div>\n<p><!-- \/wp:column --><!-- wp:column --><\/p>\n<div class=\"wp-block-column\">\u00a0<\/div>\n<p><!-- \/wp:column --><\/p>\n<\/div>\n<p><!-- \/wp:columns --><!-- wp:block {\"ref\":1102} \/--><\/p>\t\t\t\t\t\t\t\t<\/div>\n\t\t\t\t\t<\/div>\n\t\t\t\t<\/div>\n\t\t\t\t<\/div>\n\t\t","protected":false},"excerpt":{"rendered":"<p>Psychologue clinicienne, sp\u00e9cialis\u00e9e en neuropsychologie, je vous propose un accompagnement bas\u00e9 sur une approche int\u00e9grative. Mon parcours J\u2019ai d\u00e9but\u00e9 mon parcours professionnel en obtenant le titre d\u2019assistante de vie aux familles (ADVF), qui m\u2019a permis d\u2019accompagner au quotidien des personnes \u00e0 leur domicile. Cette exp\u00e9rience m\u2019a sensibilis\u00e9e \u00e0 l\u2019importance du lien, de la pr\u00e9sence et [&hellip;]<\/p>\n","protected":false},"author":1,"featured_media":1562,"parent":0,"menu_order":1,"comment_status":"closed","ping_status":"closed","template":"","meta":{"footnotes":""},"class_list":["post-634","page","type-page","status-publish","has-post-thumbnail","hentry"],"aioseo_notices":[],"_links":{"self":[{"href":"https:\/\/tiphaniejars-psychologue.com\/index.php\/wp-json\/wp\/v2\/pages\/634","targetHints":{"allow":["GET"]}}],"collection":[{"href":"https:\/\/tiphaniejars-psychologue.com\/index.php\/wp-json\/wp\/v2\/pages"}],"about":[{"href":"https:\/\/tiphaniejars-psychologue.com\/index.php\/wp-json\/wp\/v2\/types\/page"}],"author":[{"embeddable":true,"href":"https:\/\/tiphaniejars-psychologue.com\/index.php\/wp-json\/wp\/v2\/users\/1"}],"replies":[{"embeddable":true,"href":"https:\/\/tiphaniejars-psychologue.com\/index.php\/wp-json\/wp\/v2\/comments?post=634"}],"version-history":[{"count":137,"href":"https:\/\/tiphaniejars-psychologue.com\/index.php\/wp-json\/wp\/v2\/pages\/634\/revisions"}],"predecessor-version":[{"id":1889,"href":"https:\/\/tiphaniejars-psychologue.com\/index.php\/wp-json\/wp\/v2\/pages\/634\/revisions\/1889"}],"wp:featuredmedia":[{"embeddable":true,"href":"https:\/\/tiphaniejars-psychologue.com\/index.php\/wp-json\/wp\/v2\/media\/1562"}],"wp:attachment":[{"href":"https:\/\/tiphaniejars-psychologue.com\/index.php\/wp-json\/wp\/v2\/media?parent=634"}],"curies":[{"name":"wp","href":"https:\/\/api.w.org\/{rel}","templated":true}]}}