{"id":629,"date":"2024-01-14T11:32:44","date_gmt":"2024-01-14T10:32:44","guid":{"rendered":"https:\/\/tiphaniejars-psychologue.com\/?page_id=629"},"modified":"2025-10-21T13:15:57","modified_gmt":"2025-10-21T11:15:57","slug":"tarifs","status":"publish","type":"page","link":"https:\/\/tiphaniejars-psychologue.com\/index.php\/tarifs\/","title":{"rendered":"Les tarifs"},"content":{"rendered":"\n<h2 class=\"wp-block-heading has-medium-font-size\"><strong><a href=\"https:\/\/tiphaniejars-psychologue.com\/index.php\/consultations\/p\/\" title=\"\">Psychoth\u00e9rapie,<\/a> <a href=\"https:\/\/tiphaniejars-psychologue.com\/index.php\/consultations\/walk-talk\/\" title=\"\">walk and talk<\/a>, et <a href=\"https:\/\/tiphaniejars-psychologue.com\/index.php\/consultations\/la-remediation-cognitive\/\" title=\"\">rem\u00e9diation cognitive<\/a>*\u00a0\u00a0\u00a0\u00a0\u00a0\u00a0\u00a0\u00a0\u00a0\u00a0\u00a0\u00a0\u00a0\u00a0\u00a0\u00a0 \u00a0\u00a0 60\u20ac<\/strong><\/h2>\n\n\n\n<p><\/p>\n\n\n\n<p style=\"font-size:13px\">*Les consultations durent environ 45 mins. <br>Les rendez-vous se d\u00e9roulent en ligne via visio\/t\u00e9l\u00e9consultation<br>Cliquer ici pour<strong><a data-type=\"link\" data-id=\"https:\/\/tiphaniejars-psychologue.com\/index.php\/prendre-un-rendez-vous\/\" href=\"https:\/\/tiphaniejars-psychologue.com\/index.php\/prendre-un-rendez-vous\/\"> prendre rendez-vous<\/a><\/strong><br><br><\/p>\n\n\n\n<h4 class=\"wp-block-heading has-medium-font-size\"><a href=\"https:\/\/tiphaniejars-psychologue.com\/index.php\/consultations\/bilan-neuropsychologique\/\" title=\"\"><strong>Bilan neuropsychologique enfant ou adulte<\/strong>*<\/a>*\u00a0\u00a0\u00a0\u00a0\u00a0\u00a0 Non propos\u00e9 actuellement<\/h4>\n\n\n\n<p><\/p>\n\n\n\n<p style=\"font-size:13px\">**Le tarif comprend un premier entretien (si dissoci\u00e9 du bilan), la passation des tests (2 heures), l&rsquo;analyse et la restitution des r\u00e9sultats ainsi que le compte-rendu. <br>Si des tests compl\u00e9mentaires sont n\u00e9cessaires nous \u00e9tablirons un devis.<br>Les rendez-vous se d\u00e9roulent en pr\u00e9sentiel<br>Cliquer ici pour <strong><a data-type=\"link\" data-id=\"https:\/\/tiphaniejars-psychologue.com\/index.php\/prendre-un-rendez-vous\/\" href=\"https:\/\/tiphaniejars-psychologue.com\/index.php\/prendre-un-rendez-vous\/\">prendre rendez-vous<\/a><\/strong><br><\/p>\n\n\n\n<div style=\"height:44px\" aria-hidden=\"true\" class=\"wp-block-spacer\"><\/div>\n\n\n\n<p class=\"has-medium-font-size\"><strong>Les paiements peuvent \u00eatre effectu\u00e9s en esp\u00e8ces, ch\u00e8ques ou virements avant la s\u00e9ance<\/strong>.<\/p>\n\n\n\n<p><em><br>Pour des raisons d\u00e9ontologiques, je ne suis pas conventionn\u00e9e avec la s\u00e9curit\u00e9 sociale, c\u2019est \u00e0 dire que je n\u2019adh\u00e8re pas au dispositif \u00ab mon parcours psy \u00bb.<br>Les consultations ne sont pas rembours\u00e9es mais certaines mutuelles proposent un remboursement sous pr\u00e9sentation de facture. Pour en savoir plus, rapprochez-vous de votre mutuelle. Une facture peut \u00eatre remise sur demande.<\/em><br><em>Si des difficult\u00e9s de paiements sont pr\u00e9sentes, n\u2019h\u00e9sitez pas \u00e0 en parler, nous trouverons des solutions.<\/em><\/p>\n\n\n\n<p class=\"has-white-color has-text-color has-link-color wp-elements-c645e628e62f8fbab9d9726851472d16\"><\/p>\n\n\n\n<p class=\"has-white-color has-text-color has-link-color wp-elements-c645e628e62f8fbab9d9726851472d16\"><\/p>\n\n\n\n<div style=\"height:100px\" aria-hidden=\"true\" class=\"wp-block-spacer\"><\/div>\n\n\n\n<div class=\"wp-block-columns has-background is-layout-flex wp-container-core-columns-is-layout-9d6595d7 wp-block-columns-is-layout-flex\" style=\"background-color:#7aa228\">\n<div class=\"wp-block-column has-background is-layout-flow wp-block-column-is-layout-flow\" style=\"background-color:#7aa228\">\n<p class=\"has-white-color has-text-color has-background has-link-color has-medium-font-size wp-elements-7377c794848b6a446c4c6ca14c966022\" style=\"background-color:#7aa228\"><strong>Tiphanie Jars<\/strong><br>Psychologue &#8211; Neuropsychologue<br><br>N\u00b0ADELI : 479305997<br>N\u00b0 RPPS : 10009710210<br>N\u00b0SIRET : 98223319900016<\/p>\n<\/div>\n\n\n\n<div class=\"wp-block-column has-background is-layout-flow wp-block-column-is-layout-flow\" style=\"background-color:#7aa228;flex-basis:50px\"><\/div>\n\n\n\n<div class=\"wp-block-column has-background is-layout-flow wp-block-column-is-layout-flow\" style=\"background-color:#7aa228\">\n<p class=\"has-white-color has-text-color has-background has-link-color has-medium-font-size wp-elements-f46d99aa9af14fde915a057a36e8d677\" style=\"background-color:#7aa228\"><strong>Tel : 06 52 72 51 08<\/strong><br><a href=\"mailto:jarstiphanie.psychologue@gmail.com\" target=\"_blank\" rel=\"noopener\" title=\"\">jarstiphanie.psychologue@gmail.com<\/a><br><br><strong>RDV e<strong>n ligne<\/strong>, distanciel, visio<\/strong><\/p>\n<\/div>\n<\/div>\n","protected":false},"excerpt":{"rendered":"<p>Psychoth\u00e9rapie, walk and talk, et rem\u00e9diation cognitive*\u00a0\u00a0\u00a0\u00a0\u00a0\u00a0\u00a0\u00a0\u00a0\u00a0\u00a0\u00a0\u00a0\u00a0\u00a0\u00a0 \u00a0\u00a0 60\u20ac *Les consultations durent environ 45 mins. Les rendez-vous se d\u00e9roulent en ligne via visio\/t\u00e9l\u00e9consultationCliquer ici pour prendre rendez-vous Bilan neuropsychologique enfant ou adulte**\u00a0\u00a0\u00a0\u00a0\u00a0\u00a0 Non propos\u00e9 actuellement **Le tarif comprend un premier entretien (si dissoci\u00e9 du bilan), la passation des tests (2 heures), l&rsquo;analyse et la restitution [&hellip;]<\/p>\n","protected":false},"author":1,"featured_media":0,"parent":0,"menu_order":0,"comment_status":"closed","ping_status":"closed","template":"","meta":{"footnotes":""},"class_list":["post-629","page","type-page","status-publish","hentry"],"aioseo_notices":[],"_links":{"self":[{"href":"https:\/\/tiphaniejars-psychologue.com\/index.php\/wp-json\/wp\/v2\/pages\/629","targetHints":{"allow":["GET"]}}],"collection":[{"href":"https:\/\/tiphaniejars-psychologue.com\/index.php\/wp-json\/wp\/v2\/pages"}],"about":[{"href":"https:\/\/tiphaniejars-psychologue.com\/index.php\/wp-json\/wp\/v2\/types\/page"}],"author":[{"embeddable":true,"href":"https:\/\/tiphaniejars-psychologue.com\/index.php\/wp-json\/wp\/v2\/users\/1"}],"replies":[{"embeddable":true,"href":"https:\/\/tiphaniejars-psychologue.com\/index.php\/wp-json\/wp\/v2\/comments?post=629"}],"version-history":[{"count":41,"href":"https:\/\/tiphaniejars-psychologue.com\/index.php\/wp-json\/wp\/v2\/pages\/629\/revisions"}],"predecessor-version":[{"id":1796,"href":"https:\/\/tiphaniejars-psychologue.com\/index.php\/wp-json\/wp\/v2\/pages\/629\/revisions\/1796"}],"wp:attachment":[{"href":"https:\/\/tiphaniejars-psychologue.com\/index.php\/wp-json\/wp\/v2\/media?parent=629"}],"curies":[{"name":"wp","href":"https:\/\/api.w.org\/{rel}","templated":true}]}}