{"id":626,"date":"2024-01-14T11:28:01","date_gmt":"2024-01-14T10:28:01","guid":{"rendered":"https:\/\/tiphaniejars-psychologue.com\/?page_id=626"},"modified":"2025-04-15T19:26:05","modified_gmt":"2025-04-15T17:26:05","slug":"consultations","status":"publish","type":"page","link":"https:\/\/tiphaniejars-psychologue.com\/index.php\/consultations\/","title":{"rendered":"Consultations"},"content":{"rendered":"\n<div class=\"wp-block-group\"><div class=\"wp-block-group__inner-container is-layout-constrained wp-block-group-is-layout-constrained\">\n<h2 class=\"wp-block-heading has-text-align-center has-large-font-size\"><strong>Des consultations accessibles, partout et pour tous\u00b7tes<\/strong><\/h2>\n\n\n<div class=\"wp-block-image\">\n<figure class=\"aligncenter size-large is-resized\"><img fetchpriority=\"high\" decoding=\"async\" width=\"1024\" height=\"524\" src=\"https:\/\/tiphaniejars-psychologue.com\/wp-content\/uploads\/2025\/04\/Capture-decran-2025-04-15-185804-1-1024x524.png\" alt=\"\" class=\"wp-image-1468\" style=\"width:839px;height:auto\" srcset=\"https:\/\/tiphaniejars-psychologue.com\/wp-content\/uploads\/2025\/04\/Capture-decran-2025-04-15-185804-1-1024x524.png 1024w, https:\/\/tiphaniejars-psychologue.com\/wp-content\/uploads\/2025\/04\/Capture-decran-2025-04-15-185804-1-300x153.png 300w, https:\/\/tiphaniejars-psychologue.com\/wp-content\/uploads\/2025\/04\/Capture-decran-2025-04-15-185804-1-768x393.png 768w, https:\/\/tiphaniejars-psychologue.com\/wp-content\/uploads\/2025\/04\/Capture-decran-2025-04-15-185804-1.png 1531w\" sizes=\"(max-width: 1024px) 100vw, 1024px\" \/><\/figure>\n<\/div>\n\n\n<p class=\"has-text-align-center has-medium-font-size\"><br><strong>&gt; <a href=\"https:\/\/tiphaniejars-psychologue.com\/index.php\/consultations\/p\/\" title=\"\">L&rsquo;accompagnement psychoth\u00e9rapeutique<\/a><\/strong><br>&gt; <strong><a href=\"https:\/\/tiphaniejars-psychologue.com\/index.php\/consultations\/walk-talk\/\" title=\"\">Le walk &amp; talk : th\u00e9rapie m\u00e9di\u00e9e par la marche<\/a><\/strong><br><strong>&gt; <a href=\"https:\/\/tiphaniejars-psychologue.com\/index.php\/consultations\/la-remediation-cognitive\/\" title=\"\">La rem\u00e9diation cognitive<\/a><\/strong><br><strong>&gt; <a href=\"https:\/\/tiphaniejars-psychologue.com\/index.php\/consultations\/bilan-neuropsychologique\/\" title=\"\">La r\u00e9alisation de bilans neuropsychologiques<\/a><\/strong><\/p>\n<\/div><\/div>\n\n\n\n<div class=\"wp-block-group is-vertical is-content-justification-center is-layout-flex wp-container-core-group-is-layout-ff1f93ed wp-block-group-is-layout-flex\"><\/div>\n\n\n\n<div style=\"height:70px\" aria-hidden=\"true\" class=\"wp-block-spacer\"><\/div>\n\n\n\n<p class=\"has-medium-font-size\">Les s\u00e9ances en visio\/ \u00e0 distance permettent une grande souplesse permettant un accompagnement adapt\u00e9 \u00e0 votre rythme de vie. Ce format est int\u00e9ressant pour :<\/p>\n\n\n\n<p class=\"has-medium-font-size\">_ Les personnes exer\u00e7ant une activit\u00e9 professionnelle prenante souhaitant limiter les temps de d\u00e9placement ;<br>_ Les personnes en situation de handicap ou vieillissantes, pour qui les d\u00e9placements peuvent \u00eatre contraignants ;<br>_ Les personnes vivant dans des d\u00e9serts m\u00e9dicaux, sans acc\u00e8s \u00e0 un.e psychologue pr\u00e8s de chez elles ;<br>_ Les personnes expatri\u00e9es ou en d\u00e9placement r\u00e9gulier ;<br>_ Les personnes appartenant \u00e0 des minorit\u00e9s \u00e0 la recherche d\u2019un espace s\u00fbr, bienveillant et inclusif.<\/p>\n\n\n\n<div style=\"height:70px\" aria-hidden=\"true\" class=\"wp-block-spacer\"><\/div>\n\n\n\n<div class=\"wp-block-columns is-layout-flex wp-container-core-columns-is-layout-9d6595d7 wp-block-columns-is-layout-flex\">\n<div class=\"wp-block-column is-layout-flow wp-block-column-is-layout-flow\">\n<p class=\"has-medium-font-size\">J\u2019utilise une diversit\u00e9 d\u2019outils dont les approches humanistes, les th\u00e9rapies cognitivo-comportementales et \u00e9motionnelles (TCCE) et les th\u00e9rapies d\u2019acceptation et d\u2019engagement (ACT).<\/p>\n\n\n\n<p class=\"has-medium-font-size\">Ma posture th\u00e9rapeutique s\u2019appuie \u00e0 la fois sur l\u2019accueil inconditionnel, inspir\u00e9 des approches humanistes de Carl Rogers, et sur une \u00e9coute active et respectueuse. Elle s\u2019enrichit \u00e9galement d\u2019outils issus des approches cognitives et comportementales, dont l\u2019efficacit\u00e9 est soutenue par la recherche scientifique.<\/p>\n\n\n\n<p class=\"has-medium-font-size\">Chaque accompagnement se construit dans une relation de confiance, fond\u00e9e sur la collaboration. J\u2019adapte les outils \u00e0 votre situation personnelle, afin de r\u00e9pondre au mieux \u00e0 vos besoins sp\u00e9cifiques. Vos difficult\u00e9s, vos questionnements et vos objectifs sont au c\u0153ur du travail que nous menons ensemble.<\/p>\n\n\n\n<p class=\"has-medium-font-size\">Mon engagement est de vous accompagner avec bienveillance, dans le respect de votre rythme, de vos valeurs et de votre histoire.<\/p>\n<\/div>\n\n\n\n<div class=\"wp-block-column is-layout-flow wp-block-column-is-layout-flow\">\n<figure class=\"wp-block-image size-large is-resized\"><img decoding=\"async\" width=\"639\" height=\"853\" src=\"https:\/\/tiphaniejars-psychologue.com\/wp-content\/uploads\/2025\/04\/forest-1868028_1280-3-edited.jpg\" alt=\"\" class=\"wp-image-1484\" style=\"width:416px;height:auto\" srcset=\"https:\/\/tiphaniejars-psychologue.com\/wp-content\/uploads\/2025\/04\/forest-1868028_1280-3-edited.jpg 639w, https:\/\/tiphaniejars-psychologue.com\/wp-content\/uploads\/2025\/04\/forest-1868028_1280-3-edited-225x300.jpg 225w\" sizes=\"(max-width: 639px) 100vw, 639px\" \/><\/figure>\n<\/div>\n<\/div>\n\n\n\n<div style=\"height:100px\" aria-hidden=\"true\" class=\"wp-block-spacer\"><\/div>\n\n\n\n<div class=\"wp-block-columns has-background is-layout-flex wp-container-core-columns-is-layout-9d6595d7 wp-block-columns-is-layout-flex\" style=\"background-color:#7aa228\">\n<div class=\"wp-block-column has-background is-layout-flow wp-block-column-is-layout-flow\" style=\"background-color:#7aa228\">\n<p class=\"has-white-color has-text-color has-background has-link-color has-medium-font-size wp-elements-7377c794848b6a446c4c6ca14c966022\" style=\"background-color:#7aa228\"><strong>Tiphanie Jars<\/strong><br>Psychologue &#8211; Neuropsychologue<br><br>N\u00b0ADELI : 479305997<br>N\u00b0 RPPS : 10009710210<br>N\u00b0SIRET : 98223319900016<\/p>\n<\/div>\n\n\n\n<div class=\"wp-block-column has-background is-layout-flow wp-block-column-is-layout-flow\" style=\"background-color:#7aa228;flex-basis:50px\"><\/div>\n\n\n\n<div class=\"wp-block-column has-background is-layout-flow wp-block-column-is-layout-flow\" style=\"background-color:#7aa228\">\n<p class=\"has-white-color has-text-color has-background has-link-color has-medium-font-size wp-elements-f46d99aa9af14fde915a057a36e8d677\" style=\"background-color:#7aa228\"><strong>Tel : 06 52 72 51 08<\/strong><br><a href=\"mailto:jarstiphanie.psychologue@gmail.com\" target=\"_blank\" rel=\"noopener\" title=\"\">jarstiphanie.psychologue@gmail.com<\/a><br><br><strong>RDV e<strong>n ligne<\/strong>, distanciel, visio<\/strong><\/p>\n<\/div>\n<\/div>\n","protected":false},"excerpt":{"rendered":"<p>Des consultations accessibles, partout et pour tous\u00b7tes &gt; L&rsquo;accompagnement psychoth\u00e9rapeutique&gt; Le walk &amp; talk : th\u00e9rapie m\u00e9di\u00e9e par la marche&gt; La rem\u00e9diation cognitive&gt; La r\u00e9alisation de bilans neuropsychologiques Les s\u00e9ances en visio\/ \u00e0 distance permettent une grande souplesse permettant un accompagnement adapt\u00e9 \u00e0 votre rythme de vie. Ce format est int\u00e9ressant pour : _ Les [&hellip;]<\/p>\n","protected":false},"author":1,"featured_media":0,"parent":0,"menu_order":1,"comment_status":"closed","ping_status":"closed","template":"","meta":{"footnotes":""},"class_list":["post-626","page","type-page","status-publish","hentry"],"aioseo_notices":[],"_links":{"self":[{"href":"https:\/\/tiphaniejars-psychologue.com\/index.php\/wp-json\/wp\/v2\/pages\/626","targetHints":{"allow":["GET"]}}],"collection":[{"href":"https:\/\/tiphaniejars-psychologue.com\/index.php\/wp-json\/wp\/v2\/pages"}],"about":[{"href":"https:\/\/tiphaniejars-psychologue.com\/index.php\/wp-json\/wp\/v2\/types\/page"}],"author":[{"embeddable":true,"href":"https:\/\/tiphaniejars-psychologue.com\/index.php\/wp-json\/wp\/v2\/users\/1"}],"replies":[{"embeddable":true,"href":"https:\/\/tiphaniejars-psychologue.com\/index.php\/wp-json\/wp\/v2\/comments?post=626"}],"version-history":[{"count":147,"href":"https:\/\/tiphaniejars-psychologue.com\/index.php\/wp-json\/wp\/v2\/pages\/626\/revisions"}],"predecessor-version":[{"id":1501,"href":"https:\/\/tiphaniejars-psychologue.com\/index.php\/wp-json\/wp\/v2\/pages\/626\/revisions\/1501"}],"wp:attachment":[{"href":"https:\/\/tiphaniejars-psychologue.com\/index.php\/wp-json\/wp\/v2\/media?parent=626"}],"curies":[{"name":"wp","href":"https:\/\/api.w.org\/{rel}","templated":true}]}}