{"id":1692,"date":"2025-10-15T16:55:29","date_gmt":"2025-10-15T14:55:29","guid":{"rendered":"https:\/\/tiphaniejars-psychologue.com\/?page_id=1692"},"modified":"2025-10-15T20:08:33","modified_gmt":"2025-10-15T18:08:33","slug":"document-excel-de-cotation-pour-neuropsy","status":"publish","type":"page","link":"https:\/\/tiphaniejars-psychologue.com\/index.php\/document-excel-de-cotation-pour-neuropsy\/","title":{"rendered":"Document excel de cotation pour neuropsy"},"content":{"rendered":"\n<p class=\"has-medium-font-size\">Ce document a \u00e9t\u00e9 cr\u00e9er dans l&rsquo;objectif d&rsquo;\u00eatre un support pour la passation de tests neuropsychologiques.\u00a0Il est \u00e0 destination de psychologues sp\u00e9cialis\u00e9e en neuropsychologie uniquement.<\/p>\n\n\n\n<p class=\"has-medium-font-size\">Il se compose d&rsquo;une partie pour l&rsquo;anamn\u00e8se et d&rsquo;une page r\u00e9ccapitulative des resutlats avec la possibilit\u00e9 de la copier dans un compte rendu. <br>Les tests pr\u00e9sents sont:<\/p>\n\n\n\n<ul class=\"wp-block-list\">\n<li class=\"has-medium-font-size\"><strong>le<\/strong> <strong>test de barrage de Mesulam<\/strong>, <br>Mesulam, M. M. (Ed.). (1985). Contemporary neurology series,volume 26. Philadelphia: Davis.<\/li>\n\n\n\n<li class=\"has-medium-font-size\"><strong>le RLRI (version 1 et 2), <\/strong><br>Norme du GREMEM, van der lin et al, l&rsquo;\u00e9valuation des troubles de la m\u00e9moire 2004 (Groberbuschke)<\/li>\n\n\n\n<li class=\"has-medium-font-size\"><strong>le TMT, <\/strong><br>Norme GREFEX<\/li>\n\n\n\n<li class=\"has-medium-font-size\"><strong>les empans, <\/strong><br>BEM 144<\/li>\n\n\n\n<li class=\"has-medium-font-size\"><strong>les praxies, <\/strong><br>Mahieux-Larent, F., Fabre,C.,Galbrun,E.,Dubrulle,A.,Moroni,C.Groupe de reglexion sur les praxies du CMRR Ile-de-France Sud (2009). Validation d&rsquo;une batterie br\u00e8ve d&rsquo;\u00e9valution des praxies gestuelles pour consultation m\u00e9moire. Revue Neurologique 165, 560-567<\/li>\n\n\n\n<li class=\"has-medium-font-size\"><strong>le test des portes, <\/strong><br>Baddeley, AD, EmslieH.,&amp;Nimmo-smith,I.(1994). Doors and people: a test of visual and verbal recall and recognition.Suffolk:thames Valley Test compagny<\/li>\n\n\n\n<li class=\"has-medium-font-size\"><strong>la figure de Rey et de Taylor, <\/strong><br>Normes GREFEX<\/li>\n\n\n\n<li class=\"has-medium-font-size\">l<strong>e Stroop, <\/strong><br>Normes GREFEX<\/li>\n\n\n\n<li class=\"has-medium-font-size\"><strong>les fluences, <\/strong><br>Normes GREFEX<\/li>\n\n\n\n<li class=\"has-medium-font-size\"><strong>la DO80<\/strong><br>G.Deloche et D. Hannequin,1997<\/li>\n<\/ul>\n\n\n\n<p class=\"has-medium-font-size\">La cotation peut se faire directement sur le document. Les scores obtenus sont automatiquement compar\u00e9s aux normes en fonction de son \u00e2ge, sexe et NSC. <br>Les r\u00e9sultats restent soumis \u00e0 l\u2019interpr\u00e9tation du professionnel.<\/p>\n\n\n\n<p><\/p>\n\n\n\n<p class=\"has-medium-font-size\">A noter que ce doucment a \u00e9t\u00e9 r\u00e9alis\u00e9 par mes soins lors de mon master 2. Il n&rsquo;est pas parfait mais efficace et utilisable.<\/p>\n\n\n\n<p class=\"has-medium-font-size\">Ce document peut \u00eatre compl\u00e9t\u00e9 et am\u00e9lior\u00e9 au sein d&rsquo;un travail collaboratif \u00e0 condition qu&rsquo;il reste libre de droit et partageable. <\/p>\n\n\n\n<div style=\"height:100px\" aria-hidden=\"true\" class=\"wp-block-spacer\"><\/div>\n\n\n\n<div class=\"wp-block-buttons is-content-justification-center is-layout-flex wp-container-core-buttons-is-layout-16018d1d wp-block-buttons-is-layout-flex\">\n<div class=\"wp-block-button\"><a class=\"wp-block-button__link has-white-color has-text-color has-link-color has-medium-font-size has-custom-font-size wp-element-button\" href=\"https:\/\/tiphaniejars-psychologue.com\/wp-content\/uploads\/2025\/10\/PEP_neuropsy_TJARS.zip\">Doc excel PEP-Neuropsy<\/a><\/div>\n<\/div>\n\n\n\n<div style=\"height:100px\" aria-hidden=\"true\" class=\"wp-block-spacer\"><\/div>\n\n\n\n<p class=\"has-medium-font-size\"><span style=\"text-decoration: underline;\">Pour t\u00e9l\u00e9charger le document:<\/span><\/p>\n\n\n\n<div class=\"wp-block-group is-nowrap is-layout-flex wp-container-core-group-is-layout-ad2f72ca wp-block-group-is-layout-flex\">\n<p><\/p>\n\n\n\n<div class=\"wp-block-group\"><div class=\"wp-block-group__inner-container is-layout-constrained wp-block-group-is-layout-constrained\">\n<p class=\"has-medium-font-size\"><strong>1- cliquez sur le bouton ci-dessus<\/strong>, vous obtiendrez le fichier compresser. <br>Cliquez sur \u00ab\u00a0<strong>extraire tout<\/strong>\u00a0\u00bb pour le d\u00e9compresser et l&rsquo;utiliser. <\/p>\n\n\n\n<figure class=\"wp-block-gallery has-nested-images columns-default is-cropped wp-block-gallery-1 is-layout-flex wp-block-gallery-is-layout-flex\">\n<figure class=\"wp-block-image size-large is-resized\"><img fetchpriority=\"high\" decoding=\"async\" width=\"1024\" height=\"152\" data-id=\"1706\" src=\"https:\/\/tiphaniejars-psychologue.com\/wp-content\/uploads\/2025\/10\/image-1-1024x152.png\" alt=\"\" class=\"wp-image-1706\" style=\"width:573px;height:auto\" srcset=\"https:\/\/tiphaniejars-psychologue.com\/wp-content\/uploads\/2025\/10\/image-1-1024x152.png 1024w, https:\/\/tiphaniejars-psychologue.com\/wp-content\/uploads\/2025\/10\/image-1-300x44.png 300w, https:\/\/tiphaniejars-psychologue.com\/wp-content\/uploads\/2025\/10\/image-1-768x114.png 768w, https:\/\/tiphaniejars-psychologue.com\/wp-content\/uploads\/2025\/10\/image-1.png 1362w\" sizes=\"(max-width: 1024px) 100vw, 1024px\" \/><\/figure>\n<\/figure>\n\n\n\n<div class=\"wp-block-group is-nowrap is-layout-flex wp-container-core-group-is-layout-ad2f72ca wp-block-group-is-layout-flex\">\n<p class=\"has-medium-font-size\"><strong>2-  Autoriser les macros: <\/strong><br><span style=\"text-decoration: underline;\">Pour microsoft :<\/span> Cliquez sur le fichier avec le bouton droit, puis s\u00e9lectionnez\u00a0<strong>Propri\u00e9t\u00e9s<\/strong>. <br> En bas de l\u2019onglet\u00a0<strong>G\u00e9n\u00e9ral<\/strong>, cochez la case\u00a0<strong>D\u00e9bloquer\u00a0<\/strong>et s\u00e9lectionnez\u00a0<strong>OK<\/strong>.<br><br><span style=\"text-decoration: underline;\">Pour libre office :<\/span> aller dans l&rsquo;onglet <strong>outils <\/strong>> <strong>option <\/strong>> <strong>securit\u00e9<\/strong> > <strong>securit\u00e9 des macros<\/strong> (passer en moyen).  <\/p>\n<\/div>\n<\/div><\/div>\n\n\n\n<figure class=\"wp-block-image size-large is-resized\"><img decoding=\"async\" width=\"691\" height=\"768\" src=\"https:\/\/tiphaniejars-psychologue.com\/wp-content\/uploads\/2025\/10\/image.png\" alt=\"\" class=\"wp-image-1705\" style=\"width:284px;height:auto\" srcset=\"https:\/\/tiphaniejars-psychologue.com\/wp-content\/uploads\/2025\/10\/image.png 691w, https:\/\/tiphaniejars-psychologue.com\/wp-content\/uploads\/2025\/10\/image-270x300.png 270w\" sizes=\"(max-width: 691px) 100vw, 691px\" \/><\/figure>\n<\/div>\n\n\n\n<div class=\"wp-block-group is-nowrap is-layout-flex wp-container-core-group-is-layout-ad2f72ca wp-block-group-is-layout-flex\">\n<p><\/p>\n\n\n\n<div style=\"height:100px;width:0px\" aria-hidden=\"true\" class=\"wp-block-spacer wp-container-content-6388d5dc\"><\/div>\n<\/div>\n\n\n\n<div class=\"wp-block-columns is-layout-flex wp-container-core-columns-is-layout-9d6595d7 wp-block-columns-is-layout-flex\">\n<div class=\"wp-block-column is-layout-flow wp-block-column-is-layout-flow\" style=\"flex-basis:100%\"><\/div>\n<\/div>\n\n\n\n<p><\/p>\n\n\n\n<p><\/p>\n","protected":false},"excerpt":{"rendered":"<p>Ce document a \u00e9t\u00e9 cr\u00e9er dans l&rsquo;objectif d&rsquo;\u00eatre un support pour la passation de tests neuropsychologiques.\u00a0Il est \u00e0 destination de psychologues sp\u00e9cialis\u00e9e en neuropsychologie uniquement. Il se compose d&rsquo;une partie pour l&rsquo;anamn\u00e8se et d&rsquo;une page r\u00e9ccapitulative des resutlats avec la possibilit\u00e9 de la copier dans un compte rendu. Les tests pr\u00e9sents sont: La cotation peut [&hellip;]<\/p>\n","protected":false},"author":1,"featured_media":0,"parent":0,"menu_order":0,"comment_status":"closed","ping_status":"closed","template":"","meta":{"footnotes":""},"class_list":["post-1692","page","type-page","status-publish","hentry"],"aioseo_notices":[],"_links":{"self":[{"href":"https:\/\/tiphaniejars-psychologue.com\/index.php\/wp-json\/wp\/v2\/pages\/1692","targetHints":{"allow":["GET"]}}],"collection":[{"href":"https:\/\/tiphaniejars-psychologue.com\/index.php\/wp-json\/wp\/v2\/pages"}],"about":[{"href":"https:\/\/tiphaniejars-psychologue.com\/index.php\/wp-json\/wp\/v2\/types\/page"}],"author":[{"embeddable":true,"href":"https:\/\/tiphaniejars-psychologue.com\/index.php\/wp-json\/wp\/v2\/users\/1"}],"replies":[{"embeddable":true,"href":"https:\/\/tiphaniejars-psychologue.com\/index.php\/wp-json\/wp\/v2\/comments?post=1692"}],"version-history":[{"count":26,"href":"https:\/\/tiphaniejars-psychologue.com\/index.php\/wp-json\/wp\/v2\/pages\/1692\/revisions"}],"predecessor-version":[{"id":1754,"href":"https:\/\/tiphaniejars-psychologue.com\/index.php\/wp-json\/wp\/v2\/pages\/1692\/revisions\/1754"}],"wp:attachment":[{"href":"https:\/\/tiphaniejars-psychologue.com\/index.php\/wp-json\/wp\/v2\/media?parent=1692"}],"curies":[{"name":"wp","href":"https:\/\/api.w.org\/{rel}","templated":true}]}}