{"id":1689,"date":"2025-10-15T16:43:41","date_gmt":"2025-10-15T14:43:41","guid":{"rendered":"https:\/\/tiphaniejars-psychologue.com\/?page_id=1689"},"modified":"2025-10-21T13:14:11","modified_gmt":"2025-10-21T11:14:11","slug":"annuaire-des-psychologues","status":"publish","type":"page","link":"https:\/\/tiphaniejars-psychologue.com\/index.php\/annuaire-des-psychologues\/","title":{"rendered":"Annuaire des psychologues"},"content":{"rendered":"\n<p class=\"has-medium-font-size\">Il est parfois difficile de trouver un.e psychologue lorsqu&rsquo;on d\u00e9cide de commencer un projet th\u00e9rapeutique. Voici quelques ressources:<\/p>\n\n\n\n<div class=\"wp-block-group is-nowrap is-layout-flex wp-container-core-group-is-layout-ad2f72ca wp-block-group-is-layout-flex\">\n<ul class=\"wp-block-list\">\n<li class=\"has-medium-font-size\">Pour trouver un.e professionnel.le pratiquant une approche TCC (th\u00e9rapie comportementale et cogntive) il y a les annuaires :\n<ul class=\"wp-block-list\">\n<li>de <a href=\"https:\/\/www.irccade.com\/trouver-un-th%C3%A9rapeute\/\" target=\"_blank\" rel=\"noopener\" title=\"\"><span style=\"text-decoration: underline;\">l&rsquo;IRCCADE<\/span><\/a><\/li>\n\n\n\n<li>de <a href=\"https:\/\/www.aftcc.org\/annuaire\" target=\"_blank\" rel=\"noopener\" title=\"\">l&rsquo;AFTCC<\/a><\/li>\n<\/ul>\n<\/li>\n\n\n\n<li class=\"has-medium-font-size\">Pour les professionnel.les conventionn\u00e9.es, c&rsquo;est-\u00e0-dire rembours\u00e9.es par la s\u00e9curit\u00e9 sociale, il y a <a href=\"https:\/\/monsoutienpsy.ameli.fr\/recherche-psychologue\" target=\"_blank\" rel=\"noopener\" title=\"\">\u00ab\u00a0Mon Soutien Psy\u00a0\u00bb<\/a> <\/li>\n\n\n\n<li class=\"has-medium-font-size\">De mani\u00e8re plus g\u00e9n\u00e9rale, vous trouverez des professionnel.les pr\u00e9sent.es sur Doctolib<\/li>\n<\/ul>\n\n\n\n<figure class=\"wp-block-image size-large is-resized\"><img fetchpriority=\"high\" decoding=\"async\" width=\"1024\" height=\"731\" src=\"https:\/\/tiphaniejars-psychologue.com\/wp-content\/uploads\/2025\/10\/meet-1019875_1280-1024x731.jpg\" alt=\"\" class=\"wp-image-1790\" style=\"width:772px;height:auto\" srcset=\"https:\/\/tiphaniejars-psychologue.com\/wp-content\/uploads\/2025\/10\/meet-1019875_1280-1024x731.jpg 1024w, https:\/\/tiphaniejars-psychologue.com\/wp-content\/uploads\/2025\/10\/meet-1019875_1280-300x214.jpg 300w, https:\/\/tiphaniejars-psychologue.com\/wp-content\/uploads\/2025\/10\/meet-1019875_1280-768x548.jpg 768w, https:\/\/tiphaniejars-psychologue.com\/wp-content\/uploads\/2025\/10\/meet-1019875_1280.jpg 1280w\" sizes=\"(max-width: 1024px) 100vw, 1024px\" \/><\/figure>\n<\/div>\n\n\n\n<p class=\"has-medium-font-size\">Ci-dessous, je proposerai prochainement un r\u00e9pertoire collaboratif de psychologues, librement rempli par chacun\u00b7e, indiquant leurs orientations th\u00e9oriques, leurs approches th\u00e9rapeutiques et leur lieu d\u2019exercice.<br>L\u2019objectif sera de faciliter, autant que possible, la prise de rendez-vous avec un\u00b7e professionnel\u00b7le..<\/p>\n\n\n\n<div style=\"height:100px\" aria-hidden=\"true\" class=\"wp-block-spacer\"><\/div>\n\n\n\n<p class=\"has-medium-font-size\">N&rsquo;oubliez pas <a href=\"https:\/\/arretonslesviolences.gouv.fr\/besoin-d-aide\" target=\"_blank\" rel=\"noopener\" title=\"\">les num\u00e9ros d&rsquo;urgences<\/a> et <a href=\"https:\/\/www.psycom.org\/sorienter\/les-lignes-decoute\/\" target=\"_blank\" rel=\"noopener\" title=\"\">les lignes d&rsquo;\u00e9coutes<\/a> si besoin, <\/p>\n\n\n\n<div class=\"wp-block-group is-nowrap is-layout-flex wp-container-core-group-is-layout-ad2f72ca wp-block-group-is-layout-flex\">\n<ul class=\"wp-block-list\">\n<li class=\"has-medium-font-size\">Le <a href=\"https:\/\/3114.fr\/\" target=\"_blank\" rel=\"noopener\" title=\"\">3114, num\u00e9ro national de pr\u00e9vention du suicide,<\/a> <\/li>\n\n\n\n<li class=\"has-medium-font-size\">Le <a href=\"https:\/\/solidaritefemmes.org\/\" target=\"_blank\" rel=\"noopener\" title=\"\">3919, Violences Femmes Info<\/a><\/li>\n\n\n\n<li class=\"has-medium-font-size\">Le <a href=\"https:\/\/www.allo119.gouv.fr\/\" title=\"\">119, \u00a0num\u00e9ro national de protection des enfants en danger ou en risque de l&rsquo;\u00eatre<\/a><\/li>\n\n\n\n<li class=\"has-medium-font-size\">Le 17 pour contacter la police et la gendarmerie<\/li>\n\n\n\n<li class=\"has-medium-font-size\">Le 18 pour contacter les pompiers<\/li>\n\n\n\n<li class=\"has-medium-font-size\">Le 114 (en remplacement du 15, 17 et 18) pour les personnes sourdes, malentendantes, aphasiques ou dysphasiques<\/li>\n\n\n\n<li class=\"has-medium-font-size\">ou encore les associations de patient.es.<\/li>\n<\/ul>\n\n\n\n<figure class=\"wp-block-image size-large is-resized\"><img decoding=\"async\" width=\"1024\" height=\"819\" src=\"https:\/\/tiphaniejars-psychologue.com\/wp-content\/uploads\/2025\/10\/call-center-1015274_1280-1024x819.jpg\" alt=\"\" class=\"wp-image-1789\" style=\"width:681px;height:auto\" srcset=\"https:\/\/tiphaniejars-psychologue.com\/wp-content\/uploads\/2025\/10\/call-center-1015274_1280-1024x819.jpg 1024w, https:\/\/tiphaniejars-psychologue.com\/wp-content\/uploads\/2025\/10\/call-center-1015274_1280-300x240.jpg 300w, https:\/\/tiphaniejars-psychologue.com\/wp-content\/uploads\/2025\/10\/call-center-1015274_1280-768x614.jpg 768w, https:\/\/tiphaniejars-psychologue.com\/wp-content\/uploads\/2025\/10\/call-center-1015274_1280.jpg 1280w\" sizes=\"(max-width: 1024px) 100vw, 1024px\" \/><\/figure>\n<\/div>\n\n\n\n<p class=\"has-medium-font-size\"><\/p>\n","protected":false},"excerpt":{"rendered":"<p>Il est parfois difficile de trouver un.e psychologue lorsqu&rsquo;on d\u00e9cide de commencer un projet th\u00e9rapeutique. Voici quelques ressources: Ci-dessous, je proposerai prochainement un r\u00e9pertoire collaboratif de psychologues, librement rempli par chacun\u00b7e, indiquant leurs orientations th\u00e9oriques, leurs approches th\u00e9rapeutiques et leur lieu d\u2019exercice.L\u2019objectif sera de faciliter, autant que possible, la prise de rendez-vous avec un\u00b7e professionnel\u00b7le.. [&hellip;]<\/p>\n","protected":false},"author":1,"featured_media":0,"parent":0,"menu_order":0,"comment_status":"closed","ping_status":"closed","template":"","meta":{"footnotes":""},"class_list":["post-1689","page","type-page","status-publish","hentry"],"aioseo_notices":[],"_links":{"self":[{"href":"https:\/\/tiphaniejars-psychologue.com\/index.php\/wp-json\/wp\/v2\/pages\/1689","targetHints":{"allow":["GET"]}}],"collection":[{"href":"https:\/\/tiphaniejars-psychologue.com\/index.php\/wp-json\/wp\/v2\/pages"}],"about":[{"href":"https:\/\/tiphaniejars-psychologue.com\/index.php\/wp-json\/wp\/v2\/types\/page"}],"author":[{"embeddable":true,"href":"https:\/\/tiphaniejars-psychologue.com\/index.php\/wp-json\/wp\/v2\/users\/1"}],"replies":[{"embeddable":true,"href":"https:\/\/tiphaniejars-psychologue.com\/index.php\/wp-json\/wp\/v2\/comments?post=1689"}],"version-history":[{"count":16,"href":"https:\/\/tiphaniejars-psychologue.com\/index.php\/wp-json\/wp\/v2\/pages\/1689\/revisions"}],"predecessor-version":[{"id":1794,"href":"https:\/\/tiphaniejars-psychologue.com\/index.php\/wp-json\/wp\/v2\/pages\/1689\/revisions\/1794"}],"wp:attachment":[{"href":"https:\/\/tiphaniejars-psychologue.com\/index.php\/wp-json\/wp\/v2\/media?parent=1689"}],"curies":[{"name":"wp","href":"https:\/\/api.w.org\/{rel}","templated":true}]}}