{"id":1223,"date":"2025-03-08T21:02:48","date_gmt":"2025-03-08T20:02:48","guid":{"rendered":"https:\/\/tiphaniejars-psychologue.com\/?page_id=1223"},"modified":"2025-04-21T19:47:53","modified_gmt":"2025-04-21T17:47:53","slug":"bilan-neuropsychologique","status":"publish","type":"page","link":"https:\/\/tiphaniejars-psychologue.com\/index.php\/consultations\/bilan-neuropsychologique\/","title":{"rendered":"Bilan neuropsychologique"},"content":{"rendered":"\n<p class=\"has-small-font-size\"><em>Actuellement non propos\u00e9.<\/em><\/p>\n\n\n\n<h2 class=\"wp-block-heading has-medium-font-size\"><strong>Le bilan neuropsychologique est une \u00e9valuation approfondie du fonctionnement cognitif (comment fonctionne notre cerveau), permettant d\u2019identifier les forces et les fragilit\u00e9s d\u2019une personne. Il s\u2019adresse aux enfants, adolescents ou adultes rencontrant des difficult\u00e9s dans leur vie scolaire, professionnelle ou personnelle, et permet de mieux comprendre les m\u00e9canismes \u00e0 l\u2019\u0153uvre derri\u00e8re ces difficult\u00e9s<\/strong><\/h2>\n\n\n\n<div style=\"height:71px\" aria-hidden=\"true\" class=\"wp-block-spacer\"><\/div>\n\n\n\n<p class=\"has-medium-font-size\"><strong>D\u00e9roulement du bilan<\/strong>:<\/p>\n\n\n\n<ol class=\"wp-block-list\">\n<li class=\"has-medium-font-size\">Entretien anamnestique (environ 1h)<br>Recueil de la demande et des informations personnelles (histoire de vie, difficult\u00e9s actuelles, etc.)<\/li>\n\n\n\n<li class=\"has-medium-font-size\">Entretien d\u2019\u00e9valuation (entre 2h et 4h)<br>Passation de tests cognitifs standardis\u00e9s.<br>(Les \u00e9tapes 1 et 2 peuvent parfois \u00eatre r\u00e9alis\u00e9es ensemble)<\/li>\n\n\n\n<li class=\"has-medium-font-size\">Analyse des r\u00e9sultats du bilan.<br>A cette \u00e9tape, je peux vous envoyer des questionnaires compl\u00e9mentaires par mail.<\/li>\n\n\n\n<li class=\"has-medium-font-size\">Entretien de restitution des r\u00e9sultats et proposition de prise en charge si n\u00e9cessaire (environ 30-45 minutes)<br>Explication des interpr\u00e9tations et pr\u00e9conisations a l\u2019oral.<\/li>\n\n\n\n<li class=\"has-medium-font-size\">Compte rendu (temps de r\u00e9daction environ \u00e9gal au temps pass\u00e9 en pr\u00e9sence de la personne). <br>Transmission d&rsquo;un document que vous conservez.<\/li>\n<\/ol>\n\n\n\n<div style=\"height:71px\" aria-hidden=\"true\" class=\"wp-block-spacer\"><\/div>\n\n\n\n<p class=\"has-medium-font-size\"><strong>Le bilan psychom\u00e9trique se r\u00e9alise en pr\u00e9sentiel.<br>Cliquer ici pour connaitre les&nbsp;<a href=\"https:\/\/tiphaniejars-psychologue.com\/index.php\/presentation\/tarifs\/\">tarifs<\/a><\/strong><\/p>\n","protected":false},"excerpt":{"rendered":"<p>Actuellement non propos\u00e9. Le bilan neuropsychologique est une \u00e9valuation approfondie du fonctionnement cognitif (comment fonctionne notre cerveau), permettant d\u2019identifier les forces et les fragilit\u00e9s d\u2019une personne. Il s\u2019adresse aux enfants, adolescents ou adultes rencontrant des difficult\u00e9s dans leur vie scolaire, professionnelle ou personnelle, et permet de mieux comprendre les m\u00e9canismes \u00e0 l\u2019\u0153uvre derri\u00e8re ces difficult\u00e9s [&hellip;]<\/p>\n","protected":false},"author":1,"featured_media":0,"parent":626,"menu_order":1,"comment_status":"closed","ping_status":"closed","template":"","meta":{"footnotes":""},"class_list":["post-1223","page","type-page","status-publish","hentry"],"aioseo_notices":[],"_links":{"self":[{"href":"https:\/\/tiphaniejars-psychologue.com\/index.php\/wp-json\/wp\/v2\/pages\/1223","targetHints":{"allow":["GET"]}}],"collection":[{"href":"https:\/\/tiphaniejars-psychologue.com\/index.php\/wp-json\/wp\/v2\/pages"}],"about":[{"href":"https:\/\/tiphaniejars-psychologue.com\/index.php\/wp-json\/wp\/v2\/types\/page"}],"author":[{"embeddable":true,"href":"https:\/\/tiphaniejars-psychologue.com\/index.php\/wp-json\/wp\/v2\/users\/1"}],"replies":[{"embeddable":true,"href":"https:\/\/tiphaniejars-psychologue.com\/index.php\/wp-json\/wp\/v2\/comments?post=1223"}],"version-history":[{"count":32,"href":"https:\/\/tiphaniejars-psychologue.com\/index.php\/wp-json\/wp\/v2\/pages\/1223\/revisions"}],"predecessor-version":[{"id":1617,"href":"https:\/\/tiphaniejars-psychologue.com\/index.php\/wp-json\/wp\/v2\/pages\/1223\/revisions\/1617"}],"up":[{"embeddable":true,"href":"https:\/\/tiphaniejars-psychologue.com\/index.php\/wp-json\/wp\/v2\/pages\/626"}],"wp:attachment":[{"href":"https:\/\/tiphaniejars-psychologue.com\/index.php\/wp-json\/wp\/v2\/media?parent=1223"}],"curies":[{"name":"wp","href":"https:\/\/api.w.org\/{rel}","templated":true}]}}