{"id":1220,"date":"2025-03-08T21:00:51","date_gmt":"2025-03-08T20:00:51","guid":{"rendered":"https:\/\/tiphaniejars-psychologue.com\/?page_id=1220"},"modified":"2025-04-21T19:42:03","modified_gmt":"2025-04-21T17:42:03","slug":"walk-talk","status":"publish","type":"page","link":"https:\/\/tiphaniejars-psychologue.com\/index.php\/consultations\/walk-talk\/","title":{"rendered":"Walk &amp; talk"},"content":{"rendered":"\n<p><\/p>\n\n\n\n<h2 class=\"wp-block-heading has-medium-font-size\"><strong>Le walk &amp; talk (ou th\u00e9rapie m\u00e9di\u00e9e par la marche) associe le mouvement du corps \u00e0 la parole, facilitant une mise en pens\u00e9e et proposant une relation plus spontan\u00e9e.<\/strong><\/h2>\n\n\n\n<div style=\"height:51px\" aria-hidden=\"true\" class=\"wp-block-spacer\"><\/div>\n\n\n\n<div class=\"wp-block-media-text is-stacked-on-mobile\"><figure class=\"wp-block-media-text__media\"><img fetchpriority=\"high\" decoding=\"async\" width=\"684\" height=\"1024\" src=\"https:\/\/tiphaniejars-psychologue.com\/wp-content\/uploads\/2025\/04\/trees-2897757_1280-684x1024.jpg\" alt=\"\" class=\"wp-image-1409 size-full\" srcset=\"https:\/\/tiphaniejars-psychologue.com\/wp-content\/uploads\/2025\/04\/trees-2897757_1280-684x1024.jpg 684w, https:\/\/tiphaniejars-psychologue.com\/wp-content\/uploads\/2025\/04\/trees-2897757_1280-200x300.jpg 200w, https:\/\/tiphaniejars-psychologue.com\/wp-content\/uploads\/2025\/04\/trees-2897757_1280-768x1150.jpg 768w, https:\/\/tiphaniejars-psychologue.com\/wp-content\/uploads\/2025\/04\/trees-2897757_1280.jpg 855w\" sizes=\"(max-width: 684px) 100vw, 684px\" \/><\/figure><div class=\"wp-block-media-text__content\">\n<p class=\"has-medium-font-size\">Cet accomapgnement repose sur les principes de la cognition incarn\u00e9e (lien entre le corps et l&rsquo;environnement dans le processus de pens\u00e9e) et de l\u2019\u00e9coth\u00e9rapie, qui reconna\u00eet les bienfaits du contact avec la nature sur le bien-\u00eatre psychique.<\/p>\n\n\n\n<p class=\"has-medium-font-size\">Elle est particuli\u00e8rement adapt\u00e9e aux personnes qui se sentent plus \u00e0 l\u2019aise dans un cadre informel, en mouvement, o\u00f9 le regard du professionnel n\u2019est pas directement pos\u00e9 sur elles (position \u00ab\u00a0c\u00f4te \u00e0 c\u00f4te\u00a0\u00bb).<\/p>\n\n\n\n<p class=\"has-medium-font-size\">Les outils utilis\u00e9s sont identiques \u00e0 ceux d\u2019une psychoth\u00e9rapie classique (TCC, ACT, sch\u00e9mas, approche int\u00e9grative).<\/p>\n\n\n\n<p><\/p>\n\n\n\n<div style=\"height:73px\" aria-hidden=\"true\" class=\"wp-block-spacer\"><\/div>\n\n\n\n<p class=\"has-medium-font-size\">Les motifs de consultation\u00a0sont similaires aux consultations plus \u00ab\u00a0conventionnels\u00a0\u00bb<\/p>\n\n\n\n<p class=\"has-medium-font-size\">\u2013 Difficult\u00e9s li\u00e9es \u00e0 un \u00e9v\u00e9nement de vie (conflit familial, s\u00e9paration, deuil, maladie, traumatisme\u2026)<br>\u2013 Difficult\u00e9s relationnelles (personnelles, familiales ou professionnelles)<br>\u2013 Difficult\u00e9s de r\u00e9gulation \u00e9motionnelle<br>\u2013 Trouble anxieux, d\u00e9pressif<br>\u2013 Troubles du sommeil, <br>\u2013 Douleurs et fatigue chroniques <br>\u2013 Faible estime de soi<br>\u2013 Volont\u00e9 de mieux se connaitre, ect..<\/p>\n<\/div><\/div>\n\n\n\n<div style=\"height:70px\" aria-hidden=\"true\" class=\"wp-block-spacer\"><\/div>\n\n\n\n<p class=\"has-medium-font-size\"><strong><strong>Les consultations durent environ 45 mins.<br>Cliquer ici pour connaitre les&nbsp;<a href=\"https:\/\/tiphaniejars-psychologue.com\/index.php\/presentation\/tarifs\/\">tarifs<\/a><\/strong><\/strong><\/p>\n","protected":false},"excerpt":{"rendered":"<p>Le walk &amp; talk (ou th\u00e9rapie m\u00e9di\u00e9e par la marche) associe le mouvement du corps \u00e0 la parole, facilitant une mise en pens\u00e9e et proposant une relation plus spontan\u00e9e. Les consultations durent environ 45 mins.Cliquer ici pour connaitre les&nbsp;tarifs<\/p>\n","protected":false},"author":1,"featured_media":0,"parent":626,"menu_order":0,"comment_status":"closed","ping_status":"closed","template":"","meta":{"footnotes":""},"class_list":["post-1220","page","type-page","status-publish","hentry"],"aioseo_notices":[],"_links":{"self":[{"href":"https:\/\/tiphaniejars-psychologue.com\/index.php\/wp-json\/wp\/v2\/pages\/1220","targetHints":{"allow":["GET"]}}],"collection":[{"href":"https:\/\/tiphaniejars-psychologue.com\/index.php\/wp-json\/wp\/v2\/pages"}],"about":[{"href":"https:\/\/tiphaniejars-psychologue.com\/index.php\/wp-json\/wp\/v2\/types\/page"}],"author":[{"embeddable":true,"href":"https:\/\/tiphaniejars-psychologue.com\/index.php\/wp-json\/wp\/v2\/users\/1"}],"replies":[{"embeddable":true,"href":"https:\/\/tiphaniejars-psychologue.com\/index.php\/wp-json\/wp\/v2\/comments?post=1220"}],"version-history":[{"count":35,"href":"https:\/\/tiphaniejars-psychologue.com\/index.php\/wp-json\/wp\/v2\/pages\/1220\/revisions"}],"predecessor-version":[{"id":1608,"href":"https:\/\/tiphaniejars-psychologue.com\/index.php\/wp-json\/wp\/v2\/pages\/1220\/revisions\/1608"}],"up":[{"embeddable":true,"href":"https:\/\/tiphaniejars-psychologue.com\/index.php\/wp-json\/wp\/v2\/pages\/626"}],"wp:attachment":[{"href":"https:\/\/tiphaniejars-psychologue.com\/index.php\/wp-json\/wp\/v2\/media?parent=1220"}],"curies":[{"name":"wp","href":"https:\/\/api.w.org\/{rel}","templated":true}]}}